{"id":7043,"date":"2025-10-10T23:38:41","date_gmt":"2025-10-10T21:38:41","guid":{"rendered":"https:\/\/anagros.com\/?post_type=product&#038;p=7043"},"modified":"2026-01-04T21:54:47","modified_gmt":"2026-01-04T20:54:47","slug":"serum-capillaire-brillance-nourrissante-kesh-king","status":"publish","type":"product","link":"https:\/\/anagros.com\/ar\/produit\/serum-capillaire-brillance-nourrissante-kesh-king\/","title":{"rendered":"Kesh King Nourishing Shine Hair Serum  \u0633\u064a\u0631\u0648\u0645 \u0643\u064a\u0634 \u0643\u064a\u0646\u063a \u0627\u0644\u0645\u063a\u0630\u064a \u0648\u0627\u0644\u0644\u0627\u0645\u0639 \u0644\u0644\u0634\u0639\u0631"},"content":{"rendered":"<p>Transformez vos cheveux avec le S\u00e9rum Brillance Nourrissant Kesh King, con\u00e7u pour apporter \u00e0 vos m\u00e8ches une brillance et une douceur ultimes. Ce s\u00e9rum capillaire ayurv\u00e9dique est enrichi de la richesse des herbes naturelles, offrant une nutrition en profondeur, de la racine \u00e0 la pointe. Id\u00e9al pour lutter contre les frisottis, la s\u00e9cheresse et les pointes fourchues, ce s\u00e9rum revitalise les cheveux ternes, les laissant doux, soyeux et faciles \u00e0 coiffer. Parfait pour une utilisation quotidienne, il cr\u00e9e \u00e9galement une barri\u00e8re protectrice contre les agressions ext\u00e9rieures, gardant vos cheveux sains et \u00e9clatants.<\/p>\n<p><strong><u>Principaux Avantages :<\/u><\/strong><\/p>\n<ul>\n<li>Apporte une brillance intense et de la douceur<\/li>\n<li>Dompte les frisottis et les m\u00e8ches rebelles<\/li>\n<li>Nourrit les cheveux de la racine \u00e0 la pointe<\/li>\n<li>Formule l\u00e9g\u00e8re et non grasse<\/li>\n<li>Convient \u00e0 tous les types de cheveux<\/li>\n<\/ul>\n<p>\u064a\u062d\u0648\u0644 \u0634\u0639\u0631\u0643 \u0628\u0627\u0633\u062a\u062e\u062f\u0627\u0645 \u0645\u0635\u0644 \u0628\u0631\u064a\u0644\u0627\u0646\u0633 \u0627\u0644\u0645\u063a\u0630\u064a \u0643\u064a\u0634 \u0643\u064a\u0646\u062c\u060c \u0645\u0645\u0627 \u064a\u0645\u0646\u062d\u0643 \u062a\u0623\u0644\u0642\u064b\u0627 \u0648\u0645\u0631\u0637\u0628\u064b\u0627 \u0641\u064a \u0646\u0647\u0627\u064a\u0629 \u0627\u0644\u0645\u0637\u0627\u0641. \u0647\u0630\u0627 \u0627\u0644\u0645\u0635\u0644 \u0627\u0644\u0634\u0639\u0631\u064a \u0627\u0644\u0623\u064a\u0648\u0631\u0641\u064a\u062f\u064a \u063a\u0646\u064a \u0628\u062b\u0631\u0627\u0621 \u0627\u0644\u0623\u0639\u0634\u0627\u0628 \u0627\u0644\u0637\u0628\u064a\u0639\u064a\u0629\u060c \u0648\u064a\u0648\u0641\u0631 \u062a\u063a\u0630\u064a\u0629 \u0639\u0645\u064a\u0642\u0629 \u0645\u0646 \u0627\u0644\u0639\u0646\u0635\u0631 \u0625\u0644\u0649 \u0627\u0644\u0646\u0642\u0637\u0629. \u0645\u062b\u0627\u0644\u064a \u0644\u0644\u0627\u0633\u062a\u062e\u062f\u0627\u0645 \u0641\u064a \u0645\u0643\u0627\u0641\u062d\u0629 \u0627\u0644\u0641\u0637\u0627\u0626\u0631 \u0648\u0627\u0644\u062d\u0644\u0648\u064a\u0627\u062a \u0648\u0627\u0644\u0623\u0637\u0631\u0627\u0641 \u0627\u0644\u0623\u0631\u0628\u0639\u0629\u060c \u062d\u064a\u062b \u064a\u0639\u0645\u0644 \u0647\u0630\u0627 \u0627\u0644\u0645\u0635\u0644 \u0639\u0644\u0649 \u062a\u0646\u0634\u064a\u0637 \u0627\u0644\u0634\u0639\u0631 \u0627\u0644\u062e\u0631\u0633\u0627\u0646\u064a \u0648\u0627\u0644\u0634\u0639\u0631 \u0627\u0644\u062e\u0641\u064a\u0641 \u0648\u0627\u0644\u0634\u0639\u0631 \u0648\u0633\u0647\u0644 \u0627\u0644\u062a\u0635\u0641\u064a\u0641. \u0628\u0627\u0631\u0641\u064a\u0647 \u0644\u0644\u0627\u0633\u062a\u062e\u062f\u0627\u0645 \u0627\u0644\u064a\u0648\u0645\u064a\u060c \u064a\u062e\u0644\u0642 \u0623\u064a\u0636\u064b\u0627 \u062d\u0627\u062c\u0632\u064b\u0627 \u064a\u062d\u0645\u064a \u0645\u0646 \u0627\u0644\u0627\u0639\u062a\u062f\u0627\u0621\u0627\u062a \u0627\u0644\u062e\u0627\u0631\u062c\u064a\u0629\u060c \u0648\u064a\u062d\u0627\u0641\u0638 \u0639\u0644\u0649 \u0634\u0639\u0631\u0643 \u0648\u0634\u0639\u0631\u0643.<\/p>\n<p><strong><u>\u0645\u0632\u0627\u064a\u0627 \u0627\u0644\u0645\u0628\u062f\u0623<\/u><\/strong>:<\/p>\n<ul>\n<li>\u0623\u0636\u0641 \u062a\u0623\u0644\u0642\u064b\u0627 \u0645\u0643\u062b\u0641\u064b\u0627 \u0648\u0645\u0646\u0639\u0634\u064b\u0627<\/li>\n<li>\u0642\u0645 \u0628\u062a\u0641\u0631\u064a\u063a \u0627\u0644\u0641\u0637\u0627\u0626\u0631 \u0648\u0627\u0644\u0623\u0637\u0639\u0645\u0629 \u0627\u0644\u0645\u062a\u0645\u0631\u062f\u0629<\/li>\n<li>\u064a\u063a\u0630\u064a \u0641\u0631\u0648\u0629 \u0627\u0644\u0631\u0623\u0633 \u0645\u0646 \u0627\u0644\u0639\u0631\u0642 \u0625\u0644\u0649 \u0627\u0644\u0646\u0642\u0637\u0629<\/li>\n<li>\u0635\u064a\u063a\u0629 \u062e\u0641\u064a\u0641\u0629 \u0648\u063a\u064a\u0631 \u0639\u0634\u0628\u064a\u0629<\/li>\n<li>\u0645\u0646\u0627\u0633\u0628 \u0644\u062c\u0645\u064a\u0639 \u0623\u0646\u0648\u0627\u0639 \u0627\u0644\u0634\u0639\u0631<\/li>\n<\/ul>\n","protected":false},"excerpt":{"rendered":"<p>Transformez vos cheveux avec le S\u00e9rum Brillance Nourrissant Kesh King, con\u00e7u pour apporter \u00e0 vos m\u00e8ches une brillance et une douceur ultimes. Ce s\u00e9rum capillaire ayurv\u00e9dique est enrichi de la richesse des herbes naturelles, offrant une nutrition en profondeur, de la racine \u00e0 la pointe. Id\u00e9al pour lutter contre les frisottis, la s\u00e9cheresse et les [&hellip;]<\/p>\n","protected":false},"featured_media":7556,"comment_status":"open","ping_status":"closed","template":"","meta":[],"product_brand":[],"product_cat":[155],"product_tag":[],"class_list":{"0":"post-7043","1":"product","2":"type-product","3":"status-publish","4":"has-post-thumbnail","6":"product_cat-other-products","8":"first","9":"instock","10":"sale","11":"shipping-taxable","12":"purchasable","13":"product-type-simple"},"_links":{"self":[{"href":"https:\/\/anagros.com\/ar\/wp-json\/wp\/v2\/product\/7043","targetHints":{"allow":["GET"]}}],"collection":[{"href":"https:\/\/anagros.com\/ar\/wp-json\/wp\/v2\/product"}],"about":[{"href":"https:\/\/anagros.com\/ar\/wp-json\/wp\/v2\/types\/product"}],"replies":[{"embeddable":true,"href":"https:\/\/anagros.com\/ar\/wp-json\/wp\/v2\/comments?post=7043"}],"wp:featuredmedia":[{"embeddable":true,"href":"https:\/\/anagros.com\/ar\/wp-json\/wp\/v2\/media\/7556"}],"wp:attachment":[{"href":"https:\/\/anagros.com\/ar\/wp-json\/wp\/v2\/media?parent=7043"}],"wp:term":[{"taxonomy":"product_brand","embeddable":true,"href":"https:\/\/anagros.com\/ar\/wp-json\/wp\/v2\/product_brand?post=7043"},{"taxonomy":"product_cat","embeddable":true,"href":"https:\/\/anagros.com\/ar\/wp-json\/wp\/v2\/product_cat?post=7043"},{"taxonomy":"product_tag","embeddable":true,"href":"https:\/\/anagros.com\/ar\/wp-json\/wp\/v2\/product_tag?post=7043"}],"curies":[{"name":"wp","href":"https:\/\/api.w.org\/{rel}","templated":true}]}}