{"id":7083,"date":"2022-11-04T15:36:36","date_gmt":"2022-11-04T14:36:36","guid":{"rendered":"https:\/\/anagros.com\/about-us\/"},"modified":"2025-10-14T01:12:47","modified_gmt":"2025-10-13T23:12:47","slug":"about-us","status":"publish","type":"page","link":"https:\/\/anagros.com\/en\/about-us\/","title":{"rendered":"\u00c0 propos"},"content":{"rendered":"\t\t<div data-elementor-type=\"wp-page\" data-elementor-id=\"7083\" class=\"elementor elementor-7083 elementor-5093\">\n\t\t\t\t<div class=\"elementor-element elementor-element-19df130 e-flex e-con-boxed e-con e-parent\" data-id=\"19df130\" data-element_type=\"container\" data-e-type=\"container\">\n\t\t\t\t\t<div class=\"e-con-inner\">\n\t\t\t\t<div class=\"elementor-element elementor-element-6b26eee elementor-widget elementor-widget-heading\" data-id=\"6b26eee\" data-element_type=\"widget\" data-e-type=\"widget\" data-widget_type=\"heading.default\">\n\t\t\t\t\t<h2 class=\"elementor-heading-title elementor-size-default\">ANA<\/h2>\t\t\t\t<\/div>\n\t\t\t\t<div class=\"elementor-element elementor-element-4a96844 elementor-widget__width-initial elementor-widget elementor-widget-text-editor\" data-id=\"4a96844\" data-element_type=\"widget\" data-e-type=\"widget\" data-widget_type=\"text-editor.default\">\n\t\t\t\t\t\t\t\t\t<p>Chez <strong>ANA<\/strong>, le bien-\u00eatre est au c\u0153ur de tout ce que nous faisons. Nous croyons qu&#8217;un retour \u00e0 l&#8217;essentiel est la cl\u00e9 d&#8217;un mode de vie plus sain et \u00e9quilibr\u00e9. Nos produits bio, qu&#8217;ils soient alimentaires ou cosm\u00e9tiques distribu\u00e9s en volume ou \u00e0 l&#8217;unit\u00e9 sont pens\u00e9s pour vous aider \u00e0 rayonner et \u00e0 prendre soin de votre beaut\u00e9 int\u00e9rieure autant qu&#8217;ext\u00e9rieure.<\/p><p>ANA n&#8217;est pas seulement une marque, c&#8217;est un <strong>mode de vie<\/strong>. Une invitation \u00e0 adopter des habitudes plus saines, \u00e0 cultiver votre \u00e9nergie et \u00e0 r\u00e9v\u00e9ler tout votre potentiel.<\/p><p>Plongez dans une aventure saine et enrichissante, et osez transformer vos r\u00eaves en r\u00e9alit\u00e9. Avec ANA, chaque jour devient une nouvelle occasion d&#8217;avancer avec ambition, \u00e9quilibre\u00a0et\u00a0s\u00e9r\u00e9nit\u00e9.<\/p>\t\t\t\t\t\t\t\t<\/div>\n\t\t\t\t\t<\/div>\n\t\t\t\t<\/div>\n\t\t<div class=\"elementor-element elementor-element-84d6d60 e-flex e-con-boxed e-con e-parent\" data-id=\"84d6d60\" data-element_type=\"container\" data-e-type=\"container\">\n\t\t\t\t\t<div class=\"e-con-inner\">\n\t\t<div class=\"elementor-element elementor-element-df5da85 e-con-full e-flex e-con e-child\" data-id=\"df5da85\" data-element_type=\"container\" data-e-type=\"container\">\n\t\t\t\t<div class=\"elementor-element elementor-element-ecedf92 elementor-widget elementor-widget-image\" data-id=\"ecedf92\" data-element_type=\"widget\" data-e-type=\"widget\" data-widget_type=\"image.default\">\n\t\t\t\t\t\t\t\t\t\t\t\t\t\t\t<img fetchpriority=\"high\" decoding=\"async\" width=\"2560\" height=\"2048\" src=\"https:\/\/anagros.com\/wp-content\/uploads\/2025\/08\/Online_Shoping_29-scaled.jpg\" class=\"elementor-animation-grow attachment-full size-full wp-image-6423\" alt=\"\" srcset=\"https:\/\/anagros.com\/wp-content\/uploads\/2025\/08\/Online_Shoping_29-scaled.jpg 2560w, https:\/\/anagros.com\/wp-content\/uploads\/2025\/08\/Online_Shoping_29-scaled-1000x800.jpg 1000w, https:\/\/anagros.com\/wp-content\/uploads\/2025\/08\/Online_Shoping_29-300x240.jpg 300w, https:\/\/anagros.com\/wp-content\/uploads\/2025\/08\/Online_Shoping_29-1024x819.jpg 1024w, https:\/\/anagros.com\/wp-content\/uploads\/2025\/08\/Online_Shoping_29-768x614.jpg 768w, https:\/\/anagros.com\/wp-content\/uploads\/2025\/08\/Online_Shoping_29-1536x1229.jpg 1536w, https:\/\/anagros.com\/wp-content\/uploads\/2025\/08\/Online_Shoping_29-2048x1638.jpg 2048w\" sizes=\"(max-width: 2560px) 100vw, 2560px\" \/>\t\t\t\t\t\t\t\t\t\t\t\t\t\t\t<\/div>\n\t\t\t\t<\/div>\n\t\t<div class=\"elementor-element elementor-element-bbeab9c e-con-full e-flex e-con e-child\" data-id=\"bbeab9c\" data-element_type=\"container\" data-e-type=\"container\">\n\t\t\t\t<div class=\"elementor-element elementor-element-7e65f51 elementor-widget elementor-widget-heading\" data-id=\"7e65f51\" data-element_type=\"widget\" data-e-type=\"widget\" data-widget_type=\"heading.default\">\n\t\t\t\t\t<h4 class=\"elementor-heading-title elementor-size-default\">COMMENT \u00c7A MARCHE<\/h4>\t\t\t\t<\/div>\n\t\t\t\t<div class=\"elementor-element elementor-element-a5d83e7 elementor-widget elementor-widget-spacer\" data-id=\"a5d83e7\" data-element_type=\"widget\" data-e-type=\"widget\" data-widget_type=\"spacer.default\">\n\t\t\t\t\t\t\t<div class=\"elementor-spacer\">\n\t\t\t<div class=\"elementor-spacer-inner\"><\/div>\n\t\t<\/div>\n\t\t\t\t\t\t<\/div>\n\t\t\t\t<div class=\"elementor-element elementor-element-f9a1bb9 elementor-widget-tablet__width-initial elementor-widget elementor-widget-text-editor\" data-id=\"f9a1bb9\" data-element_type=\"widget\" data-e-type=\"widget\" data-widget_type=\"text-editor.default\">\n\t\t\t\t\t\t\t\t\t<p>Nous r\u00e9inventons le commerce traditionnel en digitalisant le monde du gros.<\/p><p>Plus besoin de vous d\u00e9placer, de perdre du temps ou de multiplier les interm\u00e9diaires : en quelques clics, vous passez votre commande et nous nous chargeons du reste.<\/p><p><strong>Notre mission est simple :<\/strong><\/p><ul><li>rapprocher les saveurs<\/li><li>r\u00e9duire les distances.<\/li><\/ul><p><strong>Faites votre choix, validez votre panier, et attendez\u2026 le livreur qui toque\u00a0\u00e0\u00a0votre\u00a0porte\u00a0!<\/strong><\/p>\t\t\t\t\t\t\t\t<\/div>\n\t\t\t\t<div class=\"elementor-element elementor-element-73b20a2 elementor-widget elementor-widget-spacer\" data-id=\"73b20a2\" data-element_type=\"widget\" data-e-type=\"widget\" data-widget_type=\"spacer.default\">\n\t\t\t\t\t\t\t<div class=\"elementor-spacer\">\n\t\t\t<div class=\"elementor-spacer-inner\"><\/div>\n\t\t<\/div>\n\t\t\t\t\t\t<\/div>\n\t\t\t\t<div class=\"elementor-element elementor-element-af558f8 elementor-widget elementor-widget-spacer\" data-id=\"af558f8\" data-element_type=\"widget\" data-e-type=\"widget\" data-widget_type=\"spacer.default\">\n\t\t\t\t\t\t\t<div class=\"elementor-spacer\">\n\t\t\t<div class=\"elementor-spacer-inner\"><\/div>\n\t\t<\/div>\n\t\t\t\t\t\t<\/div>\n\t\t\t\t<div class=\"elementor-element elementor-element-521b7bc elementor-widget elementor-widget-spacer\" data-id=\"521b7bc\" data-element_type=\"widget\" data-e-type=\"widget\" data-widget_type=\"spacer.default\">\n\t\t\t\t\t\t\t<div class=\"elementor-spacer\">\n\t\t\t<div class=\"elementor-spacer-inner\"><\/div>\n\t\t<\/div>\n\t\t\t\t\t\t<\/div>\n\t\t\t\t<div class=\"elementor-element elementor-element-2e2366c elementor-widget elementor-widget-spacer\" data-id=\"2e2366c\" data-element_type=\"widget\" data-e-type=\"widget\" data-widget_type=\"spacer.default\">\n\t\t\t\t\t\t\t<div class=\"elementor-spacer\">\n\t\t\t<div class=\"elementor-spacer-inner\"><\/div>\n\t\t<\/div>\n\t\t\t\t\t\t<\/div>\n\t\t\t\t<\/div>\n\t\t\t\t\t<\/div>\n\t\t\t\t<\/div>\n\t\t<div class=\"elementor-element elementor-element-598b891 e-flex e-con-boxed e-con e-parent\" data-id=\"598b891\" data-element_type=\"container\" data-e-type=\"container\" data-settings=\"{&quot;background_background&quot;:&quot;classic&quot;}\">\n\t\t\t\t\t<div class=\"e-con-inner\">\n\t\t\t\t<div class=\"elementor-element elementor-element-3a475c8 elementor-widget elementor-widget-heading\" data-id=\"3a475c8\" data-element_type=\"widget\" data-e-type=\"widget\" data-widget_type=\"heading.default\">\n\t\t\t\t\t<h2 class=\"elementor-heading-title elementor-size-default\">NOUS LIVRONS DES PRODUITS BIO AUTHENTIQUES<\/h2>\t\t\t\t<\/div>\n\t\t\t\t<div class=\"elementor-element elementor-element-05355b0 elementor-widget elementor-widget-spacer\" data-id=\"05355b0\" data-element_type=\"widget\" data-e-type=\"widget\" data-widget_type=\"spacer.default\">\n\t\t\t\t\t\t\t<div class=\"elementor-spacer\">\n\t\t\t<div class=\"elementor-spacer-inner\"><\/div>\n\t\t<\/div>\n\t\t\t\t\t\t<\/div>\n\t\t\t\t<div class=\"elementor-element elementor-element-6ea8c8a elementor-widget__width-initial elementor-widget elementor-widget-text-editor\" data-id=\"6ea8c8a\" data-element_type=\"widget\" data-e-type=\"widget\" data-widget_type=\"text-editor.default\">\n\t\t\t\t\t\t\t\t\t<p><strong>Chaque produit est s\u00e9lectionn\u00e9 avec soin pour garantir sa puret\u00e9, son origine naturelle et son respect de l&#8217;environnement.<\/strong><\/p>\t\t\t\t\t\t\t\t<\/div>\n\t\t\t\t<div class=\"elementor-element elementor-element-bf27731 elementor-widget elementor-widget-spacer\" data-id=\"bf27731\" data-element_type=\"widget\" data-e-type=\"widget\" data-widget_type=\"spacer.default\">\n\t\t\t\t\t\t\t<div class=\"elementor-spacer\">\n\t\t\t<div class=\"elementor-spacer-inner\"><\/div>\n\t\t<\/div>\n\t\t\t\t\t\t<\/div>\n\t\t\t\t<div class=\"elementor-element elementor-element-b216a36 elementor-align-center elementor-widget elementor-widget-button\" data-id=\"b216a36\" data-element_type=\"widget\" data-e-type=\"widget\" data-widget_type=\"button.default\">\n\t\t\t\t\t\t\t\t\t\t<a class=\"elementor-button elementor-button-link elementor-size-sm\" href=\"\/contact-us\/\">\n\t\t\t\t\t\t<span class=\"elementor-button-content-wrapper\">\n\t\t\t\t\t\t\t\t\t<span class=\"elementor-button-text\">CONTACTEZ-NOUS<\/span>\n\t\t\t\t\t<\/span>\n\t\t\t\t\t<\/a>\n\t\t\t\t\t\t\t\t<\/div>\n\t\t\t\t\t<\/div>\n\t\t\t\t<\/div>\n\t\t\t\t<\/div>\n\t\t","protected":false},"excerpt":{"rendered":"<p>ANA Chez ANA, le bien-\u00eatre est au c\u0153ur de tout ce que nous faisons. Nous croyons qu&#8217;un retour \u00e0 l&#8217;essentiel est la cl\u00e9 d&#8217;un mode de vie plus sain et \u00e9quilibr\u00e9. Nos produits bio, qu&#8217;ils soient alimentaires ou cosm\u00e9tiques distribu\u00e9s en volume ou \u00e0 l&#8217;unit\u00e9 sont pens\u00e9s pour vous aider \u00e0 rayonner et \u00e0 prendre [&hellip;]<\/p>\n","protected":false},"author":1,"featured_media":0,"parent":0,"menu_order":0,"comment_status":"closed","ping_status":"closed","template":"","meta":{"footnotes":""},"class_list":["post-7083","page","type-page","status-publish","hentry"],"_links":{"self":[{"href":"https:\/\/anagros.com\/en\/wp-json\/wp\/v2\/pages\/7083","targetHints":{"allow":["GET"]}}],"collection":[{"href":"https:\/\/anagros.com\/en\/wp-json\/wp\/v2\/pages"}],"about":[{"href":"https:\/\/anagros.com\/en\/wp-json\/wp\/v2\/types\/page"}],"author":[{"embeddable":true,"href":"https:\/\/anagros.com\/en\/wp-json\/wp\/v2\/users\/1"}],"replies":[{"embeddable":true,"href":"https:\/\/anagros.com\/en\/wp-json\/wp\/v2\/comments?post=7083"}],"version-history":[{"count":1,"href":"https:\/\/anagros.com\/en\/wp-json\/wp\/v2\/pages\/7083\/revisions"}],"predecessor-version":[{"id":7309,"href":"https:\/\/anagros.com\/en\/wp-json\/wp\/v2\/pages\/7083\/revisions\/7309"}],"wp:attachment":[{"href":"https:\/\/anagros.com\/en\/wp-json\/wp\/v2\/media?parent=7083"}],"curies":[{"name":"wp","href":"https:\/\/api.w.org\/{rel}","templated":true}]}}