{"id":7537,"date":"2026-01-04T13:03:54","date_gmt":"2026-01-04T12:03:54","guid":{"rendered":"https:\/\/anagros.com\/?post_type=product&#038;p=7537"},"modified":"2026-01-04T13:10:08","modified_gmt":"2026-01-04T12:10:08","slug":"lipatea-instant-drink-honey-ginger-with-turmeric-%d9%85%d8%b4%d8%b1%d9%88%d8%a8-%d8%a7%d9%84%d8%b2%d9%86%d8%ac%d8%a8%d9%8a%d9%84-%d8%a8%d8%a7%d9%84%d8%b9%d8%b3%d9%84-%d9%88-%d8%a7%d9%84%d9%83%d8%b1","status":"publish","type":"product","link":"https:\/\/anagros.com\/en\/produit\/lipatea-instant-drink-honey-ginger-with-turmeric-%d9%85%d8%b4%d8%b1%d9%88%d8%a8-%d8%a7%d9%84%d8%b2%d9%86%d8%ac%d8%a8%d9%8a%d9%84-%d8%a8%d8%a7%d9%84%d8%b9%d8%b3%d9%84-%d9%88-%d8%a7%d9%84%d9%83%d8%b1\/","title":{"rendered":"Lipatea Instant  drink Honey Ginger With Turmeric \u0645\u0634\u0631\u0648\u0628 \u0627\u0644\u0632\u0646\u062c\u0628\u064a\u0644 \u0628\u0627\u0644\u0639\u0633\u0644 \u0648 \u0627\u0644\u0643\u0631\u0643\u0645"},"content":{"rendered":"<p>Boisson instantan\u00e9e au miel, gingembre et curcuma .<br \/>\n\u2022Offrez-vous un moment de chaleur et de bien-\u00eatre avec cette boisson instantan\u00e9e savoureuse, \u00e9labor\u00e9e \u00e0 partir d\u2019un m\u00e9lange harmonieux de miel, de gingembre et curcuma : Une recette authentique aux ar\u00f4mes intenses, id\u00e9ale pour accompagner vos instants de d\u00e9tente.<\/p>\n<p>Contenu de la bo\u00eete : 20 sachets individuels.<br \/>\n\u2022Pr\u00e9paration rapide et pratique<br \/>\n\u2022Saveur naturelle et r\u00e9confortante<br \/>\n\u2022 Parfaite pour les journ\u00e9es fra\u00eeches<br \/>\n\u2022\u00c0 consommer \u00e0 tout moment de la journ\u00e9e<\/p>\n<p>Un plaisir chaud, simple et plein de caract\u00e8re .<\/p>\n<p>\u2022\u0645\u0634\u0631\u0648\u0628 \u0641\u0648\u0631\u064a \u0628\u0627\u0644\u0639\u0633\u0644 \u0648\u0627\u0644\u0632\u0646\u062c\u0628\u064a\u0644 \u0648\u0627\u0644\u0643\u0631\u0643\u0645.<\/p>\n<p>\u062f\u0644\u0651\u0644 \u0646\u0641\u0633\u0643 \u0628\u0645\u0634\u0631\u0648\u0628 \u062f\u0627\u0641\u0626 \u064a\u062c\u0645\u0639 \u0628\u064a\u0646 \u062d\u0644\u0627\u0648\u0629 \u0627\u0644\u0639\u0633\u0644 \u0627\u0644\u0637\u0628\u064a\u0639\u064a\u0629 \u0648\u062d\u062f\u0629 \u0627\u0644\u0632\u0646\u062c\u0628\u064a\u0644 \u0648 \u0645\u0646\u0627\u0641\u0639 \u0627\u0644\u0643\u0631\u0643\u0645\u060c \u0641\u064a \u0648\u0635\u0641\u0629 \u0645\u062a\u0648\u0627\u0632\u0646\u0629 \u0648\u063a\u0646\u064a\u0629 \u0628\u0627\u0644\u0646\u0643\u0647\u0627\u062a. \u0627\u062e\u062a\u064a\u0627\u0631 \u0645\u062b\u0627\u0644\u064a \u0644\u0644\u0627\u0633\u062a\u0631\u062e\u0627\u0621 \u0648\u0627\u0633\u062a\u0639\u0627\u062f\u0629 \u0627\u0644\u062f\u0641\u0621 \u0641\u064a \u0623\u064a \u0648\u0642\u062a<\/p>\n<p>\u0645\u062d\u062a\u0648\u0649 \u0627\u0644\u0639\u0644\u0628\u0629: 20 \u0643\u064a\u0633\u064b\u0627 \u0641\u0631\u062f\u064a\u064b\u0627<br \/>\n\u2022 \u0633\u0647\u0644 \u0648\u0633\u0631\u064a\u0639 \u0627\u0644\u062a\u062d\u0636\u064a\u0631<br \/>\n\u2022 \u0645\u0630\u0627\u0642 \u0637\u0628\u064a\u0639\u064a \u0648\u063a\u0646\u064a<br \/>\n\u2022 \u0645\u062b\u0627\u0644\u064a \u0644\u0644\u0623\u062c\u0648\u0627\u0621 \u0627\u0644\u0628\u0627\u0631\u062f\u0629<br \/>\n\u2022 \u0645\u0646\u0627\u0633\u0628 \u0644\u062c\u0645\u064a\u0639 \u0623\u0648\u0642\u0627\u062a \u0627\u0644\u064a\u0648\u0645<\/p>\n<p>\u0645\u0634\u0631\u0648\u0628 \u062a\u0642\u0644\u064a\u062f\u064a \u0628\u0644\u0645\u0633\u0629 \u0639\u0635\u0631\u064a\u0629 \u064a\u0645\u0646\u062d\u0643 \u0627\u0644\u062f\u0641\u0621 \u0648\u0627\u0644\u0645\u062a\u0639\u0629<\/p>\n","protected":false},"excerpt":{"rendered":"<p>Boisson instantan\u00e9e au miel, gingembre et curcuma . \u2022Offrez-vous un moment de chaleur et de bien-\u00eatre avec cette boisson instantan\u00e9e savoureuse, \u00e9labor\u00e9e \u00e0 partir d\u2019un m\u00e9lange harmonieux de miel, de gingembre et curcuma : Une recette authentique aux ar\u00f4mes intenses, id\u00e9ale pour accompagner vos instants de d\u00e9tente. Contenu de la bo\u00eete : 20 sachets individuels. [&hellip;]<\/p>\n","protected":false},"featured_media":7519,"comment_status":"open","ping_status":"closed","template":"","meta":[],"product_brand":[],"product_cat":[],"product_tag":[],"class_list":{"0":"post-7537","1":"product","2":"type-product","3":"status-publish","4":"has-post-thumbnail","7":"first","8":"instock","9":"sale","10":"shipping-taxable","11":"purchasable","12":"product-type-simple"},"_links":{"self":[{"href":"https:\/\/anagros.com\/en\/wp-json\/wp\/v2\/product\/7537","targetHints":{"allow":["GET"]}}],"collection":[{"href":"https:\/\/anagros.com\/en\/wp-json\/wp\/v2\/product"}],"about":[{"href":"https:\/\/anagros.com\/en\/wp-json\/wp\/v2\/types\/product"}],"replies":[{"embeddable":true,"href":"https:\/\/anagros.com\/en\/wp-json\/wp\/v2\/comments?post=7537"}],"wp:featuredmedia":[{"embeddable":true,"href":"https:\/\/anagros.com\/en\/wp-json\/wp\/v2\/media\/7519"}],"wp:attachment":[{"href":"https:\/\/anagros.com\/en\/wp-json\/wp\/v2\/media?parent=7537"}],"wp:term":[{"taxonomy":"product_brand","embeddable":true,"href":"https:\/\/anagros.com\/en\/wp-json\/wp\/v2\/product_brand?post=7537"},{"taxonomy":"product_cat","embeddable":true,"href":"https:\/\/anagros.com\/en\/wp-json\/wp\/v2\/product_cat?post=7537"},{"taxonomy":"product_tag","embeddable":true,"href":"https:\/\/anagros.com\/en\/wp-json\/wp\/v2\/product_tag?post=7537"}],"curies":[{"name":"wp","href":"https:\/\/api.w.org\/{rel}","templated":true}]}}